{"id":57,"date":"2016-05-16T02:35:26","date_gmt":"2016-05-16T02:35:26","guid":{"rendered":"http:\/\/www.doctorpradenas.cl\/?page_id=57"},"modified":"2016-06-12T18:02:58","modified_gmt":"2016-06-12T18:02:58","slug":"intervenciones-quirurgicas","status":"publish","type":"page","link":"https:\/\/www.doctorpradenas.cl\/?page_id=57","title":{"rendered":"Intervenciones Quir\u00fargicas"},"content":{"rendered":"<p>Amigdalectom\u00edas<br \/>\nAdenoamigdalectom\u00cda<br \/>\nTimpanoplast\u00eda<br \/>\nPunsiones timp\u00e1nicas<br \/>\nRinoplastia Est\u00e9tica<br \/>\nRinoseptoplast\u00eda Funcional<br \/>\nSeptoplast\u00eda<br \/>\nOrejas en Asa<br \/>\nCirugia de la V\u00eda Lagrimal<br \/>\nCirug\u00eda Endosc\u00f3pica Funcional ( Cirug\u00eda de Sinusitis Cr\u00f3nica )<br \/>\nRINOMODELACION NO QUIRURGICA<\/p>\n","protected":false},"excerpt":{"rendered":"<p>Amigdalectom\u00edas Adenoamigdalectom\u00cda Timpanoplast\u00eda Punsiones timp\u00e1nicas Rinoplastia Est\u00e9tica Rinoseptoplast\u00eda Funcional Septoplast\u00eda Orejas en Asa Cirugia de la V\u00eda Lagrimal Cirug\u00eda Endosc\u00f3pica Funcional ( Cirug\u00eda de Sinusitis Cr\u00f3nica ) RINOMODELACION NO QUIRURGICA<\/p>\n<p> <a class=\"continue-reading-link\" href=\"https:\/\/www.doctorpradenas.cl\/?page_id=57\"><span>Continue reading<\/span><i class=\"crycon-right-dir\"><\/i><\/a> <\/p>\n","protected":false},"author":2,"featured_media":0,"parent":0,"menu_order":0,"comment_status":"closed","ping_status":"closed","template":"","meta":[],"_links":{"self":[{"href":"https:\/\/www.doctorpradenas.cl\/index.php?rest_route=\/wp\/v2\/pages\/57"}],"collection":[{"href":"https:\/\/www.doctorpradenas.cl\/index.php?rest_route=\/wp\/v2\/pages"}],"about":[{"href":"https:\/\/www.doctorpradenas.cl\/index.php?rest_route=\/wp\/v2\/types\/page"}],"author":[{"embeddable":true,"href":"https:\/\/www.doctorpradenas.cl\/index.php?rest_route=\/wp\/v2\/users\/2"}],"replies":[{"embeddable":true,"href":"https:\/\/www.doctorpradenas.cl\/index.php?rest_route=%2Fwp%2Fv2%2Fcomments&post=57"}],"version-history":[{"count":6,"href":"https:\/\/www.doctorpradenas.cl\/index.php?rest_route=\/wp\/v2\/pages\/57\/revisions"}],"predecessor-version":[{"id":75,"href":"https:\/\/www.doctorpradenas.cl\/index.php?rest_route=\/wp\/v2\/pages\/57\/revisions\/75"}],"wp:attachment":[{"href":"https:\/\/www.doctorpradenas.cl\/index.php?rest_route=%2Fwp%2Fv2%2Fmedia&parent=57"}],"curies":[{"name":"wp","href":"https:\/\/api.w.org\/{rel}","templated":true}]}}