{"id":91,"date":"2019-04-29T02:23:08","date_gmt":"2019-04-29T02:23:08","guid":{"rendered":"http:\/\/www.doctorpradenas.cl\/?page_id=91"},"modified":"2019-04-29T02:25:07","modified_gmt":"2019-04-29T02:25:07","slug":"rejuvenecimiento-facial","status":"publish","type":"page","link":"https:\/\/www.doctorpradenas.cl\/?page_id=91","title":{"rendered":"Rejuvenecimiento Facial"},"content":{"rendered":"<p><a href=\"http:\/\/www.doctorpradenas.cl\/wp-content\/uploads\/2019\/04\/marcelo_usa.jpeg\"><img loading=\"lazy\" src=\"http:\/\/www.doctorpradenas.cl\/wp-content\/uploads\/2019\/04\/marcelo_usa-768x1024.jpeg\" alt=\"marcelo_usa\" width=\"768\" height=\"1024\" class=\"alignleft size-large wp-image-92\" srcset=\"https:\/\/www.doctorpradenas.cl\/wp-content\/uploads\/2019\/04\/marcelo_usa-768x1024.jpeg 768w, https:\/\/www.doctorpradenas.cl\/wp-content\/uploads\/2019\/04\/marcelo_usa-225x300.jpeg 225w, https:\/\/www.doctorpradenas.cl\/wp-content\/uploads\/2019\/04\/marcelo_usa-113x150.jpeg 113w, https:\/\/www.doctorpradenas.cl\/wp-content\/uploads\/2019\/04\/marcelo_usa.jpeg 960w\" sizes=\"(max-width: 768px) 100vw, 768px\" \/><\/a><\/p>\n<p>\nEn la fotogra\u00eda el Dr. Marcelo Pradenas junto al profesor de rinoplast\u00eda est\u00e9tica Dr. Deam Toriumi en Estados Unidos.<\/p>\n","protected":false},"excerpt":{"rendered":"<p>En la fotogra\u00eda el Dr. Marcelo Pradenas junto al profesor de rinoplast\u00eda est\u00e9tica Dr. Deam Toriumi en Estados Unidos.<\/p>\n<p> <a class=\"continue-reading-link\" href=\"https:\/\/www.doctorpradenas.cl\/?page_id=91\"><span>Continue reading<\/span><i class=\"crycon-right-dir\"><\/i><\/a> <\/p>\n","protected":false},"author":1,"featured_media":0,"parent":0,"menu_order":0,"comment_status":"closed","ping_status":"closed","template":"","meta":[],"_links":{"self":[{"href":"https:\/\/www.doctorpradenas.cl\/index.php?rest_route=\/wp\/v2\/pages\/91"}],"collection":[{"href":"https:\/\/www.doctorpradenas.cl\/index.php?rest_route=\/wp\/v2\/pages"}],"about":[{"href":"https:\/\/www.doctorpradenas.cl\/index.php?rest_route=\/wp\/v2\/types\/page"}],"author":[{"embeddable":true,"href":"https:\/\/www.doctorpradenas.cl\/index.php?rest_route=\/wp\/v2\/users\/1"}],"replies":[{"embeddable":true,"href":"https:\/\/www.doctorpradenas.cl\/index.php?rest_route=%2Fwp%2Fv2%2Fcomments&post=91"}],"version-history":[{"count":4,"href":"https:\/\/www.doctorpradenas.cl\/index.php?rest_route=\/wp\/v2\/pages\/91\/revisions"}],"predecessor-version":[{"id":97,"href":"https:\/\/www.doctorpradenas.cl\/index.php?rest_route=\/wp\/v2\/pages\/91\/revisions\/97"}],"wp:attachment":[{"href":"https:\/\/www.doctorpradenas.cl\/index.php?rest_route=%2Fwp%2Fv2%2Fmedia&parent=91"}],"curies":[{"name":"wp","href":"https:\/\/api.w.org\/{rel}","templated":true}]}}